{"id":9,"date":"2024-11-04T15:36:02","date_gmt":"2024-11-04T18:36:02","guid":{"rendered":"https:\/\/criandoapps.com.br\/?page_id=9"},"modified":"2024-11-05T11:02:03","modified_gmt":"2024-11-05T14:02:03","slug":"home","status":"publish","type":"page","link":"https:\/\/criandoapps.com.br\/","title":{"rendered":"Home"},"content":{"rendered":"\t\t<div data-elementor-type=\"wp-page\" data-elementor-id=\"9\" class=\"elementor elementor-9\" data-elementor-post-type=\"page\">\n\t\t\t\t<div class=\"elementor-element elementor-element-ceccc41 e-flex e-con-boxed e-con e-parent\" data-id=\"ceccc41\" data-element_type=\"container\" data-settings=\"{&quot;background_background&quot;:&quot;classic&quot;}\">\n\t\t\t\t\t<div class=\"e-con-inner\">\n\t\t<div class=\"elementor-element elementor-element-3e39973 e-con-full e-flex e-con e-child\" data-id=\"3e39973\" data-element_type=\"container\">\n\t\t\t\t<div class=\"elementor-element elementor-element-8b99116 elementor-widget elementor-widget-theme-site-logo elementor-widget-image\" data-id=\"8b99116\" data-element_type=\"widget\" data-widget_type=\"theme-site-logo.default\">\n\t\t\t\t<div class=\"elementor-widget-container\">\n\t\t\t\t\t\t\t\t\t<a href=\"https:\/\/criandoapps.com.br\">\n\t\t\t<img fetchpriority=\"high\" decoding=\"async\" width=\"730\" height=\"118\" src=\"https:\/\/criandoapps.com.br\/wp-content\/uploads\/2024\/11\/LogoCriandoApps.png\" class=\"attachment-full size-full wp-image-18\" alt=\"\" srcset=\"https:\/\/criandoapps.com.br\/wp-content\/uploads\/2024\/11\/LogoCriandoApps.png 730w, https:\/\/criandoapps.com.br\/wp-content\/uploads\/2024\/11\/LogoCriandoApps-300x48.png 300w\" sizes=\"(max-width: 730px) 100vw, 730px\" \/>\t\t\t\t<\/a>\n\t\t\t\t\t\t\t\t\t<\/div>\n\t\t\t\t<\/div>\n\t\t\t\t<div class=\"elementor-element elementor-element-d29fe38 elementor-widget elementor-widget-heading\" data-id=\"d29fe38\" data-element_type=\"widget\" data-widget_type=\"heading.default\">\n\t\t\t\t<div class=\"elementor-widget-container\">\n\t\t\t<h1 class=\"elementor-heading-title elementor-size-default\">Vamos construir o seu novo Aplicativo!<\/h1>\t\t<\/div>\n\t\t\t\t<\/div>\n\t\t\t\t<div class=\"elementor-element elementor-element-88c347e elementor-widget elementor-widget-heading\" data-id=\"88c347e\" data-element_type=\"widget\" data-widget_type=\"heading.default\">\n\t\t\t\t<div class=\"elementor-widget-container\">\n\t\t\t<h5 class=\"elementor-heading-title elementor-size-default\">Seja um App personalizado, Saas, Microsaas, CRM, ERP ou qualquer tipo de solu\u00e7\u00e3o.<\/h5>\t\t<\/div>\n\t\t\t\t<\/div>\n\t\t\t\t<div class=\"elementor-element elementor-element-98e4863 elementor-align-center elementor-widget elementor-widget-button\" data-id=\"98e4863\" data-element_type=\"widget\" data-widget_type=\"button.default\">\n\t\t\t\t<div class=\"elementor-widget-container\">\n\t\t\t\t\t<div class=\"elementor-button-wrapper\">\n\t\t\t<a class=\"elementor-button elementor-button-link elementor-size-sm\" href=\"#\">\n\t\t\t\t\t\t<span class=\"elementor-button-content-wrapper\">\n\t\t\t\t\t\t\t\t\t<span class=\"elementor-button-text\">Agende uma Consultoria Gr\u00e1tis!<\/span>\n\t\t\t\t\t<\/span>\n\t\t\t\t\t<\/a>\n\t\t<\/div>\n\t\t\t\t<\/div>\n\t\t\t\t<\/div>\n\t\t\t\t<\/div>\n\t\t\t\t\t<\/div>\n\t\t\t\t<\/div>\n\t\t<div class=\"elementor-element elementor-element-529502f e-flex e-con-boxed e-con e-parent\" data-id=\"529502f\" data-element_type=\"container\">\n\t\t\t\t\t<div class=\"e-con-inner\">\n\t\t\t\t<div class=\"elementor-element elementor-element-4f85b55 elementor-widget elementor-widget-heading\" data-id=\"4f85b55\" data-element_type=\"widget\" data-widget_type=\"heading.default\">\n\t\t\t\t<div class=\"elementor-widget-container\">\n\t\t\t<h1 class=\"elementor-heading-title elementor-size-default\">Um time de especialistas para construir seu projeto.<\/h1>\t\t<\/div>\n\t\t\t\t<\/div>\n\t\t\t\t<div class=\"elementor-element elementor-element-5e5ff6d elementor-widget elementor-widget-heading\" data-id=\"5e5ff6d\" data-element_type=\"widget\" data-widget_type=\"heading.default\">\n\t\t\t\t<div class=\"elementor-widget-container\">\n\t\t\t<h4 class=\"elementor-heading-title elementor-size-default\">Desde a ideia at\u00e9 o mercado, nossa equipe estar\u00e1 junto com voc\u00ea!<\/h4>\t\t<\/div>\n\t\t\t\t<\/div>\n\t\t\t\t\t<\/div>\n\t\t\t\t<\/div>\n\t\t<div class=\"elementor-element elementor-element-e882965 e-flex e-con-boxed e-con e-parent\" data-id=\"e882965\" data-element_type=\"container\" data-settings=\"{&quot;background_background&quot;:&quot;classic&quot;}\">\n\t\t\t\t\t<div class=\"e-con-inner\">\n\t\t<div class=\"elementor-element elementor-element-a583b9d e-con-full e-flex e-con e-child\" data-id=\"a583b9d\" data-element_type=\"container\">\n\t\t\t\t<div class=\"elementor-element elementor-element-e0841cf elementor-widget elementor-widget-heading\" data-id=\"e0841cf\" data-element_type=\"widget\" data-widget_type=\"heading.default\">\n\t\t\t\t<div class=\"elementor-widget-container\">\n\t\t\t<h2 class=\"elementor-heading-title elementor-size-default\">Desde a ideia at\u00e9 o mercado, nossa equipe estar\u00e1 junto com voc\u00ea!<\/h2>\t\t<\/div>\n\t\t\t\t<\/div>\n\t\t\t\t<\/div>\n\t\t<div class=\"elementor-element elementor-element-9ef046b e-con-full e-flex e-con e-child\" data-id=\"9ef046b\" data-element_type=\"container\">\n\t\t\t\t<div class=\"elementor-element elementor-element-615a87a elementor-position-top elementor-widget elementor-widget-image-box\" data-id=\"615a87a\" data-element_type=\"widget\" data-widget_type=\"image-box.default\">\n\t\t\t\t<div class=\"elementor-widget-container\">\n\t\t\t<div class=\"elementor-image-box-wrapper\"><figure class=\"elementor-image-box-img\"><img decoding=\"async\" width=\"200\" height=\"200\" src=\"http:\/\/criandoapps.com.br\/wp-content\/uploads\/2024\/11\/agil.png\" class=\"attachment-medium size-medium wp-image-54\" alt=\"\" srcset=\"https:\/\/criandoapps.com.br\/wp-content\/uploads\/2024\/11\/agil.png 200w, https:\/\/criandoapps.com.br\/wp-content\/uploads\/2024\/11\/agil-150x150.png 150w\" sizes=\"(max-width: 200px) 100vw, 200px\" \/><\/figure><div class=\"elementor-image-box-content\"><h4 class=\"elementor-image-box-title\">Desenvolvimento \u00e1gil<\/h4><p class=\"elementor-image-box-description\">Lorem ipsum dolor sit amet, consectetur adipiscing elit. Ut elit tellus, luctus nec ullamcorper mattis, pulvinar dapibus leo.<\/p><\/div><\/div>\t\t<\/div>\n\t\t\t\t<\/div>\n\t\t\t\t<div class=\"elementor-element elementor-element-1ee79b9 elementor-position-top elementor-widget elementor-widget-image-box\" data-id=\"1ee79b9\" data-element_type=\"widget\" data-widget_type=\"image-box.default\">\n\t\t\t\t<div class=\"elementor-widget-container\">\n\t\t\t<div class=\"elementor-image-box-wrapper\"><figure class=\"elementor-image-box-img\"><img decoding=\"async\" width=\"200\" height=\"200\" src=\"http:\/\/criandoapps.com.br\/wp-content\/uploads\/2024\/11\/agil.png\" class=\"attachment-medium size-medium wp-image-54\" alt=\"\" srcset=\"https:\/\/criandoapps.com.br\/wp-content\/uploads\/2024\/11\/agil.png 200w, https:\/\/criandoapps.com.br\/wp-content\/uploads\/2024\/11\/agil-150x150.png 150w\" sizes=\"(max-width: 200px) 100vw, 200px\" \/><\/figure><div class=\"elementor-image-box-content\"><h4 class=\"elementor-image-box-title\">Desenvolvimento \u00e1gil<\/h4><p class=\"elementor-image-box-description\">Lorem ipsum dolor sit amet, consectetur adipiscing elit. Ut elit tellus, luctus nec ullamcorper mattis, pulvinar dapibus leo.<\/p><\/div><\/div>\t\t<\/div>\n\t\t\t\t<\/div>\n\t\t\t\t<div class=\"elementor-element elementor-element-4a26f1a elementor-position-top elementor-widget elementor-widget-image-box\" data-id=\"4a26f1a\" data-element_type=\"widget\" data-widget_type=\"image-box.default\">\n\t\t\t\t<div class=\"elementor-widget-container\">\n\t\t\t<div class=\"elementor-image-box-wrapper\"><figure class=\"elementor-image-box-img\"><img decoding=\"async\" width=\"200\" height=\"200\" src=\"http:\/\/criandoapps.com.br\/wp-content\/uploads\/2024\/11\/agil.png\" class=\"attachment-medium size-medium wp-image-54\" alt=\"\" srcset=\"https:\/\/criandoapps.com.br\/wp-content\/uploads\/2024\/11\/agil.png 200w, https:\/\/criandoapps.com.br\/wp-content\/uploads\/2024\/11\/agil-150x150.png 150w\" sizes=\"(max-width: 200px) 100vw, 200px\" \/><\/figure><div class=\"elementor-image-box-content\"><h4 class=\"elementor-image-box-title\">Desenvolvimento \u00e1gil<\/h4><p class=\"elementor-image-box-description\">Lorem ipsum dolor sit amet, consectetur adipiscing elit. Ut elit tellus, luctus nec ullamcorper mattis, pulvinar dapibus leo.<\/p><\/div><\/div>\t\t<\/div>\n\t\t\t\t<\/div>\n\t\t\t\t<\/div>\n\t\t\t\t\t<\/div>\n\t\t\t\t<\/div>\n\t\t<div class=\"elementor-element elementor-element-4ef65c5 e-flex e-con-boxed e-con e-parent\" data-id=\"4ef65c5\" data-element_type=\"container\">\n\t\t\t\t\t<div class=\"e-con-inner\">\n\t\t<div class=\"elementor-element elementor-element-b1b88bc e-con-full e-flex e-con e-child\" data-id=\"b1b88bc\" data-element_type=\"container\">\n\t\t\t\t<div class=\"elementor-element elementor-element-15bdca8 elementor-widget elementor-widget-heading\" data-id=\"15bdca8\" data-element_type=\"widget\" data-widget_type=\"heading.default\">\n\t\t\t\t<div class=\"elementor-widget-container\">\n\t\t\t<h5 class=\"elementor-heading-title elementor-size-default\">H\u00e1 10 anos no Mercado.<\/h5>\t\t<\/div>\n\t\t\t\t<\/div>\n\t\t\t\t<div class=\"elementor-element elementor-element-2bce8c5 elementor-widget elementor-widget-heading\" data-id=\"2bce8c5\" data-element_type=\"widget\" data-widget_type=\"heading.default\">\n\t\t\t\t<div class=\"elementor-widget-container\">\n\t\t\t<h2 class=\"elementor-heading-title elementor-size-default\">Uma software house completa.<\/h2>\t\t<\/div>\n\t\t\t\t<\/div>\n\t\t\t\t<div class=\"elementor-element elementor-element-c53d469 elementor-widget elementor-widget-heading\" data-id=\"c53d469\" data-element_type=\"widget\" data-widget_type=\"heading.default\">\n\t\t\t\t<div class=\"elementor-widget-container\">\n\t\t\t<h4 class=\"elementor-heading-title elementor-size-default\">Independente do tamanho da sua empresa ou neg\u00f3cio somos um time completo para construir seu projeto.<\/h4>\t\t<\/div>\n\t\t\t\t<\/div>\n\t\t\t\t<\/div>\n\t\t<div class=\"elementor-element elementor-element-b7b1089 e-con-full e-flex e-con e-child\" data-id=\"b7b1089\" data-element_type=\"container\">\n\t\t\t\t<div class=\"elementor-element elementor-element-15ace09 elementor-widget elementor-widget-image\" data-id=\"15ace09\" data-element_type=\"widget\" data-widget_type=\"image.default\">\n\t\t\t\t<div class=\"elementor-widget-container\">\n\t\t\t\t\t\t\t\t\t\t\t\t\t<img decoding=\"async\" width=\"700\" height=\"606\" src=\"http:\/\/criandoapps.com.br\/wp-content\/uploads\/2024\/11\/software-house-completa.jpg\" class=\"attachment-large size-large wp-image-59\" alt=\"\" srcset=\"http:\/\/criandoapps.com.br\/wp-content\/uploads\/2024\/11\/software-house-completa.jpg 700w, http:\/\/criandoapps.com.br\/wp-content\/uploads\/2024\/11\/software-house-completa-300x260.jpg 300w\" sizes=\"(max-width: 700px) 100vw, 700px\" \/>\t\t\t\t\t\t\t\t\t\t\t\t\t<\/div>\n\t\t\t\t<\/div>\n\t\t\t\t<\/div>\n\t\t\t\t\t<\/div>\n\t\t\t\t<\/div>\n\t\t\t\t<\/div>\n\t\t","protected":false},"excerpt":{"rendered":"<p>Vamos construir o seu novo Aplicativo! Seja um App personalizado, Saas, Microsaas, CRM, ERP ou qualquer tipo de solu\u00e7\u00e3o. Agende uma Consultoria Gr\u00e1tis! Um time de especialistas para construir seu projeto. Desde a ideia at\u00e9 o mercado, nossa equipe estar\u00e1 junto com voc\u00ea! Desde a ideia at\u00e9 o mercado, nossa equipe estar\u00e1 junto com voc\u00ea! [&hellip;]<\/p>\n","protected":false},"author":1,"featured_media":0,"parent":0,"menu_order":0,"comment_status":"closed","ping_status":"closed","template":"elementor_canvas","meta":{"footnotes":""},"class_list":["post-9","page","type-page","status-publish","hentry"],"_links":{"self":[{"href":"https:\/\/criandoapps.com.br\/index.php\/wp-json\/wp\/v2\/pages\/9","targetHints":{"allow":["GET"]}}],"collection":[{"href":"https:\/\/criandoapps.com.br\/index.php\/wp-json\/wp\/v2\/pages"}],"about":[{"href":"https:\/\/criandoapps.com.br\/index.php\/wp-json\/wp\/v2\/types\/page"}],"author":[{"embeddable":true,"href":"https:\/\/criandoapps.com.br\/index.php\/wp-json\/wp\/v2\/users\/1"}],"replies":[{"embeddable":true,"href":"https:\/\/criandoapps.com.br\/index.php\/wp-json\/wp\/v2\/comments?post=9"}],"version-history":[{"count":37,"href":"https:\/\/criandoapps.com.br\/index.php\/wp-json\/wp\/v2\/pages\/9\/revisions"}],"predecessor-version":[{"id":65,"href":"https:\/\/criandoapps.com.br\/index.php\/wp-json\/wp\/v2\/pages\/9\/revisions\/65"}],"wp:attachment":[{"href":"https:\/\/criandoapps.com.br\/index.php\/wp-json\/wp\/v2\/media?parent=9"}],"curies":[{"name":"wp","href":"https:\/\/api.w.org\/{rel}","templated":true}]}}